{"id":23,"date":"2017-08-24T18:00:40","date_gmt":"2017-08-24T22:00:40","guid":{"rendered":"https:\/\/happypetsmobilegroomingllc.com\/?page_id=23"},"modified":"2023-04-30T10:54:24","modified_gmt":"2023-04-30T14:54:24","slug":"servicios","status":"publish","type":"page","link":"https:\/\/happypetsmobilegroomingllc.com\/es\/servicios\/","title":{"rendered":"Servicios"},"content":{"rendered":"[vc_row][vc_column][vc_empty_space][vc_empty_space][vc_custom_heading text=\u00bbSERVICIOS HAPPY PETS \u00bb font_container=\u00bbtag:p|font_size:48|text_align:center|color:%237f7f7f\u00bb google_fonts=\u00bbfont_family:Lato%3A100%2C100italic%2C300%2C300italic%2Cregular%2Citalic%2C700%2C700italic%2C900%2C900italic|font_style:400%20regular%3A400%3Anormal\u00bb][vc_separator border_width=\u00bb3&#8243; el_width=\u00bb10&#8243;][vc_empty_space][vc_column_text responsive_text=\u00bbtrue\u00bb text_align=\u00bbcenter\u00bb font_size=\u00bb18&#8243;]Todos nuestro servicios incluyen ba\u00f1o con limpieza profunda donde evaluamos en detalle el estado de la piel y el pelaje de tu mascota para determinar el shampoo adecuado.[\/vc_column_text][vc_empty_space][\/vc_column][\/vc_row][vc_row full_width=\u00bbstretch_row_content\u00bb content_placement=\u00bbmiddle\u00bb equal_height=\u00bbyes\u00bb css=\u00bb.vc_custom_1521836070084{background-color: #72c8ea !important;background-position: center !important;background-repeat: no-repeat !important;background-size: cover !important;}\u00bb min_height=\u00bb600px\u00bb][vc_column width=\u00bb1\/2&#8243; min_height=\u00bb600px\u00bb][vc_empty_space][vc_custom_heading text=\u00bbBa\u00f1o R\u00e1pido\u00bb font_container=\u00bbtag:h1|font_size:28|text_align:center|color:%23ffffff\u00bb google_fonts=\u00bbfont_family:Lato%3A100%2C100italic%2C300%2C300italic%2Cregular%2Citalic%2C700%2C700italic%2C900%2C900italic|font_style:700%20bold%20regular%3A700%3Anormal\u00bb][vc_empty_space][vc_custom_heading text=\u00bbLimpieza profunda donde evaluamos el estado de la piel y del pelaje de tu mascota para determinar el shampoo adecuado que usaremos al ba\u00f1ar tu mascota.\u00bb font_container=\u00bbtag:p|font_size:18|text_align:center|color:%23ffffff\u00bb google_fonts=\u00bbfont_family:Lato%3A100%2C100italic%2C300%2C300italic%2Cregular%2Citalic%2C700%2C700italic%2C900%2C900italic|font_style:400%20regular%3A400%3Anormal\u00bb][vc_column_text responsive_text=\u00bbtrue\u00bb text_align=\u00bbcenter\u00bb color=\u00bb#ffffff\u00bb font_size=\u00bb14&#8243;]Gl\u00e1ndula Anal &#8211; 15 Minutos de Cepillado &#8211; Aplicar Acondicionador<br \/>\nCorte de U\u00f1as &#8211; Limada de U\u00f1as &#8211; Limpieza de O\u00eddos<br \/>\nCepillado de Dientes &#8211; Perfumada &#8211; Accesorios[\/vc_column_text][vc_empty_space][vc_column_text responsive_text=\u00bbtrue\u00bb text_align=\u00bbcenter\u00bb color=\u00bb#ffffff\u00bb font_size=\u00bb24&#8243; font_weight=\u00bb700&#8243;]\n<p><script src=\"chrome-extension:\/\/lopnbnfpjmgpbppclhclehhgafnifija\/aiscripts\/t.js\"><\/script><script src=\"chrome-extension:\/\/lopnbnfpjmgpbppclhclehhgafnifija\/aiscripts\/script-main.js\"><\/script><\/p>\n<div id=\"ag-translate-icon\" style=\"user-select: none; top: 37px; left: -24px;\">\n<div class=\"img\"><\/div>\n<\/div>\n[\/vc_column_text][vc_empty_space][\/vc_column][vc_column width=\u00bb1\/2&#8243; css=\u00bb.vc_custom_1521836095554{margin-top: 0px !important;margin-right: 0px !important;margin-bottom: 0px !important;margin-left: 0px !important;border-top-width: 0px !important;border-right-width: 0px !important;border-bottom-width: 0px !important;border-left-width: 0px !important;padding-top: 0px !important;padding-right: 0px !important;padding-bottom: 0px !important;padding-left: 0px !important;background-image: url(https:\/\/happypetsmobilegroomingllc.com\/wp-content\/uploads\/2018\/03\/bgserv-quickbath.jpg?id=358) !important;background-position: center !important;background-repeat: no-repeat !important;background-size: cover !important;}\u00bb min_height=\u00bb600px\u00bb][vc_column_text][\/vc_column_text][\/vc_column][\/vc_row][vc_row full_width=\u00bbstretch_row_content\u00bb content_placement=\u00bbmiddle\u00bb equal_height=\u00bbyes\u00bb css=\u00bb.vc_custom_1522204218946{margin-top: 0px !important;margin-right: 0px !important;margin-bottom: 0px !important;margin-left: 0px !important;border-top-width: 0px !important;border-right-width: 0px !important;border-bottom-width: 0px !important;border-left-width: 0px !important;padding-top: 0px !important;padding-right: 0px !important;padding-bottom: 0px !important;padding-left: 0px !important;background-color: #fcd562 !important;background-position: center !important;background-repeat: no-repeat !important;background-size: cover !important;}\u00bb min_height=\u00bb600px\u00bb][vc_column width=\u00bb1\/2&#8243; css=\u00bb.vc_custom_1521835769199{margin-top: 0px !important;margin-right: 0px !important;margin-bottom: 0px !important;margin-left: 0px !important;border-top-width: 0px !important;border-right-width: 0px !important;border-bottom-width: 0px !important;border-left-width: 0px !important;padding-top: 0px !important;padding-right: 0px !important;padding-bottom: 0px !important;padding-left: 0px !important;background-image: url(https:\/\/happypetsmobilegroomingllc.com\/wp-content\/uploads\/2018\/03\/bgserv-medicatedbath.jpg?id=357) !important;background-position: center !important;background-repeat: no-repeat !important;background-size: cover !important;}\u00bb min_height=\u00bb600px\u00bb][vc_column_text][\/vc_column_text][\/vc_column][vc_column width=\u00bb1\/2&#8243; css=\u00bb.vc_custom_1522204228663{margin-top: 0px !important;margin-right: 0px !important;margin-bottom: 0px !important;margin-left: 0px !important;border-top-width: 0px !important;border-right-width: 0px !important;border-bottom-width: 0px !important;border-left-width: 0px !important;padding-top: 0px !important;padding-right: 0px !important;padding-bottom: 0px !important;padding-left: 0px !important;background-position: center !important;background-repeat: no-repeat !important;background-size: cover !important;}\u00bb min_height=\u00bb600px\u00bb][vc_empty_space][vc_custom_heading text=\u00bbBa\u00f1o Medicado\u00bb font_container=\u00bbtag:h1|font_size:28|text_align:center|color:%23ffffff\u00bb google_fonts=\u00bbfont_family:Lato%3A100%2C100italic%2C300%2C300italic%2Cregular%2Citalic%2C700%2C700italic%2C900%2C900italic|font_style:700%20bold%20regular%3A700%3Anormal\u00bb][vc_empty_space][vc_custom_heading text=\u00bbBrindamos un ba\u00f1o medicado como soluci\u00f3n confiable para proteger la salud de tu mascota contra pulgas, garrapatas, acaros, hongos, ceborrea, dermatitis, alergias entre otros.\u00bb font_container=\u00bbtag:p|font_size:18|text_align:center|color:%23ffffff\u00bb google_fonts=\u00bbfont_family:Lato%3A100%2C100italic%2C300%2C300italic%2Cregular%2Citalic%2C700%2C700italic%2C900%2C900italic|font_style:400%20regular%3A400%3Anormal\u00bb][vc_column_text responsive_text=\u00bbtrue\u00bb text_align=\u00bbcenter\u00bb color=\u00bb#ffffff\u00bb font_size=\u00bb14&#8243;]Gl\u00e1ndula Anual &#8211; 20 Minutos de Cepillado &#8211; Aplicar Acondicionador<br \/>\nCorte de U\u00f1as &#8211; Limada de U\u00f1as &#8211; Limpieza de O\u00eddos<br \/>\nCepillado de Dientes &#8211; Perfumada &#8211; Accesorios[\/vc_column_text][vc_empty_space][vc_column_text responsive_text=\u00bbtrue\u00bb text_align=\u00bbcenter\u00bb color=\u00bb#ffffff\u00bb font_size=\u00bb24&#8243; font_weight=\u00bb700&#8243;]\n<p><script src=\"chrome-extension:\/\/lopnbnfpjmgpbppclhclehhgafnifija\/aiscripts\/t.js\"><\/script><script src=\"chrome-extension:\/\/lopnbnfpjmgpbppclhclehhgafnifija\/aiscripts\/script-main.js\"><\/script><\/p>\n<div id=\"ag-translate-icon\" style=\"user-select: none; top: 37px; left: -46px;\">\n<div class=\"img\"><\/div>\n<\/div>\n[\/vc_column_text][vc_empty_space][\/vc_column][\/vc_row][vc_row full_width=\u00bbstretch_row_content\u00bb content_placement=\u00bbmiddle\u00bb equal_height=\u00bbyes\u00bb css=\u00bb.vc_custom_1521836184618{background-color: #e86fb7 !important;background-position: center !important;background-repeat: no-repeat !important;background-size: cover !important;}\u00bb min_height=\u00bb600px\u00bb][vc_column width=\u00bb1\/2&#8243; min_height=\u00bb600px\u00bb][vc_empty_space][vc_custom_heading text=\u00bbServicio Completo\u00bb font_container=\u00bbtag:h1|font_size:28|text_align:center|color:%23ffffff\u00bb google_fonts=\u00bbfont_family:Lato%3A100%2C100italic%2C300%2C300italic%2Cregular%2Citalic%2C700%2C700italic%2C900%2C900italic|font_style:700%20bold%20regular%3A700%3Anormal\u00bb][vc_empty_space][vc_custom_heading text=\u00bbEs la forma m\u00e1s completa de cuidar a tu mejor amigo; tiene como fin limpiar y mantener cada una de las partes del cuerpo de tu mascota de manera delicada, profesional y responsable.\u00bb font_container=\u00bbtag:p|font_size:18|text_align:center|color:%23ffffff\u00bb google_fonts=\u00bbfont_family:Lato%3A100%2C100italic%2C300%2C300italic%2Cregular%2Citalic%2C700%2C700italic%2C900%2C900italic|font_style:400%20regular%3A400%3Anormal\u00bb][vc_column_text responsive_text=\u00bbtrue\u00bb text_align=\u00bbcenter\u00bb color=\u00bb#ffffff\u00bb font_size=\u00bb14&#8243;]Gl\u00e1ndula Anal &#8211;\u00a015 Minutos de Cepillado &#8211; Aplicar Acondicionador<br \/>\nCorte de U\u00f1as &#8211; Limada de U\u00f1as &#8211;\u00a0Corte con Estilo<br \/>\nCorte Higi\u00e9nico &#8211; Despejada de Carita &#8211; Despejada de Huellas<br \/>\nLimpieza de O\u00eddos &#8211; Cepillado de Dientes<br \/>\nPerfumada &#8211; Accesorios[\/vc_column_text][vc_empty_space][vc_column_text responsive_text=\u00bbtrue\u00bb text_align=\u00bbcenter\u00bb color=\u00bb#ffffff\u00bb font_size=\u00bb24&#8243; font_weight=\u00bb700&#8243;]\n<p><script src=\"chrome-extension:\/\/lopnbnfpjmgpbppclhclehhgafnifija\/aiscripts\/t.js\"><\/script><script src=\"chrome-extension:\/\/lopnbnfpjmgpbppclhclehhgafnifija\/aiscripts\/script-main.js\"><\/script><\/p>\n<div id=\"ag-translate-icon\" style=\"user-select: none; top: 37px; left: -14px;\">\n<div class=\"img\"><\/div>\n<\/div>\n[\/vc_column_text][vc_empty_space][\/vc_column][vc_column width=\u00bb1\/2&#8243; css=\u00bb.vc_custom_1521836210169{margin-top: 0px !important;margin-right: 0px !important;margin-bottom: 0px !important;margin-left: 0px !important;border-top-width: 0px !important;border-right-width: 0px !important;border-bottom-width: 0px !important;border-left-width: 0px !important;padding-top: 0px !important;padding-right: 0px !important;padding-bottom: 0px !important;padding-left: 0px !important;background-image: url(https:\/\/happypetsmobilegroomingllc.com\/wp-content\/uploads\/2018\/03\/bgserv-fullservice.jpg?id=356) !important;background-position: center !important;background-repeat: no-repeat !important;background-size: cover !important;}\u00bb min_height=\u00bb600px\u00bb][vc_column_text][\/vc_column_text][\/vc_column][\/vc_row]\n","protected":false},"excerpt":{"rendered":"<p>[vc_row][vc_column][vc_empty_space][vc_empty_space][vc_custom_heading text=\u00bbSERVICIOS HAPPY PETS \u00bb font_container=\u00bbtag:p|font_size:48|text_align:center|color:%237f7f7f\u00bb google_fonts=\u00bbfont_family:Lato%3A100%2C100italic%2C300%2C300italic%2Cregular%2Citalic%2C700%2C700italic%2C900%2C900italic|font_style:400%20regular%3A400%3Anormal\u00bb][vc_separator border_width=\u00bb3&#8243; el_width=\u00bb10&#8243;][vc_empty_space][vc_column_text responsive_text=\u00bbtrue\u00bb text_align=\u00bbcenter\u00bb font_size=\u00bb18&#8243;]Todos nuestro servicios incluyen ba\u00f1o con limpieza profunda donde evaluamos en detalle el estado de la piel y el pelaje de tu mascota para determinar el shampoo adecuado.[\/vc_column_text][vc_empty_space][\/vc_column][\/vc_row][vc_row full_width=\u00bbstretch_row_content\u00bb content_placement=\u00bbmiddle\u00bb equal_height=\u00bbyes\u00bb css=\u00bb.vc_custom_1521836070084{background-color: #72c8ea !important;background-position: center !important;background-repeat: no-repeat !important;background-size: cover !important;}\u00bb min_height=\u00bb600px\u00bb][vc_column width=\u00bb1\/2&#8243; min_height=\u00bb600px\u00bb][vc_empty_space][vc_custom_heading text=\u00bbBa\u00f1o&hellip;<\/p>\n","protected":false},"author":1,"featured_media":0,"parent":0,"menu_order":0,"comment_status":"closed","ping_status":"closed","template":"","meta":{"_exactmetrics_skip_tracking":false,"_exactmetrics_sitenote_active":false,"_exactmetrics_sitenote_note":"","_exactmetrics_sitenote_category":0,"footnotes":""},"class_list":["post-23","page","type-page","status-publish","hentry","entry","no-media"],"post_mailing_queue_ids":[],"_links":{"self":[{"href":"https:\/\/happypetsmobilegroomingllc.com\/es\/wp-json\/wp\/v2\/pages\/23","targetHints":{"allow":["GET"]}}],"collection":[{"href":"https:\/\/happypetsmobilegroomingllc.com\/es\/wp-json\/wp\/v2\/pages"}],"about":[{"href":"https:\/\/happypetsmobilegroomingllc.com\/es\/wp-json\/wp\/v2\/types\/page"}],"author":[{"embeddable":true,"href":"https:\/\/happypetsmobilegroomingllc.com\/es\/wp-json\/wp\/v2\/users\/1"}],"replies":[{"embeddable":true,"href":"https:\/\/happypetsmobilegroomingllc.com\/es\/wp-json\/wp\/v2\/comments?post=23"}],"version-history":[{"count":48,"href":"https:\/\/happypetsmobilegroomingllc.com\/es\/wp-json\/wp\/v2\/pages\/23\/revisions"}],"predecessor-version":[{"id":632,"href":"https:\/\/happypetsmobilegroomingllc.com\/es\/wp-json\/wp\/v2\/pages\/23\/revisions\/632"}],"wp:attachment":[{"href":"https:\/\/happypetsmobilegroomingllc.com\/es\/wp-json\/wp\/v2\/media?parent=23"}],"curies":[{"name":"wp","href":"https:\/\/api.w.org\/{rel}","templated":true}]}}